
{"id":907,"date":"2022-01-13T18:56:43","date_gmt":"2022-01-13T18:56:43","guid":{"rendered":"http:\/\/biosinsa.com\/?page_id=907"},"modified":"2022-03-04T00:07:42","modified_gmt":"2022-03-04T00:07:42","slug":"industria-organica","status":"publish","type":"page","link":"https:\/\/biosinsa.com\/en\/industria-organica\/","title":{"rendered":"Organic Industry"},"content":{"rendered":"<div data-elementor-type=\"wp-page\" data-elementor-id=\"907\" class=\"elementor elementor-907\">\n\t\t\t\t\t\t\t\t\t<section class=\"elementor-section elementor-top-section elementor-element elementor-element-512fac1 elementor-section-full_width elementor-section-stretched elementor-section-height-default elementor-section-height-default\" data-id=\"512fac1\" data-element_type=\"section\" data-settings=\"{&quot;stretch_section&quot;:&quot;section-stretched&quot;,&quot;background_background&quot;:&quot;classic&quot;}\">\n\t\t\t\t\t\t\t<div class=\"elementor-background-overlay\"><\/div>\n\t\t\t\t\t\t\t<div class=\"elementor-container elementor-column-gap-wider\">\n\t\t\t\t\t<div class=\"elementor-column elementor-col-100 elementor-top-column elementor-element elementor-element-2fee0f0\" data-id=\"2fee0f0\" data-element_type=\"column\" data-settings=\"{&quot;background_background&quot;:&quot;classic&quot;}\">\n\t\t\t<div class=\"elementor-widget-wrap elementor-element-populated\">\n\t\t\t\t\t\t\t\t<div class=\"elementor-element elementor-element-78f5ab2 elementor-widget elementor-widget-text-editor\" data-id=\"78f5ab2\" data-element_type=\"widget\" data-widget_type=\"text-editor.default\">\n\t\t\t\t<div class=\"elementor-widget-container\">\n\t\t\t<style>\/*! elementor - v3.9.1 - 14-12-2022 *\/\n.elementor-widget-text-editor.elementor-drop-cap-view-stacked .elementor-drop-cap{background-color:#818a91;color:#fff}.elementor-widget-text-editor.elementor-drop-cap-view-framed .elementor-drop-cap{color:#818a91;border:3px solid;background-color:transparent}.elementor-widget-text-editor:not(.elementor-drop-cap-view-default) .elementor-drop-cap{margin-top:8px}.elementor-widget-text-editor:not(.elementor-drop-cap-view-default) .elementor-drop-cap-letter{width:1em;height:1em}.elementor-widget-text-editor .elementor-drop-cap{float:left;text-align:center;line-height:1;font-size:50px}.elementor-widget-text-editor .elementor-drop-cap-letter{display:inline-block}<\/style>\t\t\t\t<p>Organic <span class=\"themecolor\">Industry<\/span><\/p>\t\t\t\t\t\t<\/div>\n\t\t\t\t<\/div>\n\t\t\t\t\t<\/div>\n\t\t<\/div>\n\t\t\t\t\t\t\t<\/div>\n\t\t<\/section>\n\t\t\t\t<section class=\"elementor-section elementor-top-section elementor-element elementor-element-e6ebd64 elementor-section-stretched elementor-section-boxed elementor-section-height-default elementor-section-height-default\" data-id=\"e6ebd64\" data-element_type=\"section\" data-settings=\"{&quot;stretch_section&quot;:&quot;section-stretched&quot;,&quot;background_background&quot;:&quot;classic&quot;}\">\n\t\t\t\t\t\t<div class=\"elementor-container elementor-column-gap-default\">\n\t\t\t\t\t<div class=\"elementor-column elementor-col-100 elementor-top-column elementor-element elementor-element-a6d9904\" data-id=\"a6d9904\" data-element_type=\"column\">\n\t\t\t<div class=\"elementor-widget-wrap elementor-element-populated\">\n\t\t\t\t\t\t\t\t<div class=\"elementor-element elementor-element-3765643 elementor-widget elementor-widget-text-editor\" data-id=\"3765643\" data-element_type=\"widget\" data-widget_type=\"text-editor.default\">\n\t\t\t\t<div class=\"elementor-widget-container\">\n\t\t\t\t\t\t\t<p>In Biosinsa pest control programs are designed to satisfy your needs and to achieve organic certification.<\/p>\t\t\t\t\t\t<\/div>\n\t\t\t\t<\/div>\n\t\t\t\t\t<\/div>\n\t\t<\/div>\n\t\t\t\t\t\t\t<\/div>\n\t\t<\/section>\n\t\t\t\t<section class=\"elementor-section elementor-top-section elementor-element elementor-element-1591c297 elementor-section-stretched elementor-section-boxed elementor-section-height-default elementor-section-height-default\" data-id=\"1591c297\" data-element_type=\"section\" data-settings=\"{&quot;background_background&quot;:&quot;classic&quot;,&quot;stretch_section&quot;:&quot;section-stretched&quot;}\">\n\t\t\t\t\t\t<div class=\"elementor-container elementor-column-gap-wider\">\n\t\t\t\t\t<div class=\"elementor-column elementor-col-100 elementor-top-column elementor-element elementor-element-5a7c893c\" data-id=\"5a7c893c\" data-element_type=\"column\">\n\t\t\t<div class=\"elementor-widget-wrap elementor-element-populated\">\n\t\t\t\t\t\t\t\t<section class=\"elementor-section elementor-inner-section elementor-element elementor-element-4ab86f7b elementor-section-boxed elementor-section-height-default elementor-section-height-default\" data-id=\"4ab86f7b\" data-element_type=\"section\">\n\t\t\t\t\t\t<div class=\"elementor-container elementor-column-gap-default\">\n\t\t\t\t\t<div class=\"elementor-column elementor-col-33 elementor-inner-column elementor-element elementor-element-2e6c6897\" data-id=\"2e6c6897\" data-element_type=\"column\" data-settings=\"{&quot;background_background&quot;:&quot;classic&quot;}\">\n\t\t\t<div class=\"elementor-widget-wrap elementor-element-populated\">\n\t\t\t\t\t\t\t\t<div class=\"elementor-element elementor-element-6ae7bac9 elementor-invisible elementor-widget elementor-widget-image\" data-id=\"6ae7bac9\" data-element_type=\"widget\" data-settings=\"{&quot;_animation&quot;:&quot;fadeIn&quot;,&quot;_animation_delay&quot;:100}\" data-widget_type=\"image.default\">\n\t\t\t\t<div class=\"elementor-widget-container\">\n\t\t\t<style>\/*! elementor - v3.9.1 - 14-12-2022 *\/\n.elementor-widget-image{text-align:center}.elementor-widget-image a{display:inline-block}.elementor-widget-image a img[src$=\".svg\"]{width:48px}.elementor-widget-image img{vertical-align:middle;display:inline-block}<\/style>\t\t\t\t\t\t\t\t\t\t\t\t<img decoding=\"async\" width=\"356\" height=\"356\" src=\"https:\/\/biosinsa.com\/wp-content\/uploads\/2022\/01\/biosinsa-icon-02.svg\" class=\"attachment-large size-large wp-image-1264\" alt=\"\" \/>\t\t\t\t\t\t\t\t\t\t\t\t\t\t\t<\/div>\n\t\t\t\t<\/div>\n\t\t\t\t<div class=\"elementor-element elementor-element-29231a12 elementor-invisible elementor-widget elementor-widget-text-editor\" data-id=\"29231a12\" data-element_type=\"widget\" data-settings=\"{&quot;_animation&quot;:&quot;fadeIn&quot;,&quot;_animation_delay&quot;:200}\" data-widget_type=\"text-editor.default\">\n\t\t\t\t<div class=\"elementor-widget-container\">\n\t\t\t\t\t\t\t<p>Our pest control programs in the organic industry support and consolidate on the philosophy and standards of the American National Organic Program.<\/p>\t\t\t\t\t\t<\/div>\n\t\t\t\t<\/div>\n\t\t\t\t\t<\/div>\n\t\t<\/div>\n\t\t\t\t<div class=\"elementor-column elementor-col-33 elementor-inner-column elementor-element elementor-element-5d7ccefc\" data-id=\"5d7ccefc\" data-element_type=\"column\" data-settings=\"{&quot;background_background&quot;:&quot;classic&quot;}\">\n\t\t\t<div class=\"elementor-widget-wrap elementor-element-populated\">\n\t\t\t\t\t\t\t\t<div class=\"elementor-element elementor-element-44a21826 elementor-invisible elementor-widget elementor-widget-image\" data-id=\"44a21826\" data-element_type=\"widget\" data-settings=\"{&quot;_animation&quot;:&quot;fadeIn&quot;,&quot;_animation_delay&quot;:200}\" data-widget_type=\"image.default\">\n\t\t\t\t<div class=\"elementor-widget-container\">\n\t\t\t\t\t\t\t\t\t\t\t\t\t\t\t<img decoding=\"async\" width=\"356\" height=\"356\" src=\"https:\/\/biosinsa.com\/wp-content\/uploads\/2022\/01\/biosinsa-icon-02.svg\" class=\"attachment-large size-large wp-image-1264\" alt=\"\" \/>\t\t\t\t\t\t\t\t\t\t\t\t\t\t\t<\/div>\n\t\t\t\t<\/div>\n\t\t\t\t<div class=\"elementor-element elementor-element-1e974cd3 elementor-invisible elementor-widget elementor-widget-text-editor\" data-id=\"1e974cd3\" data-element_type=\"widget\" data-settings=\"{&quot;_animation&quot;:&quot;fadeIn&quot;,&quot;_animation_delay&quot;:300}\" data-widget_type=\"text-editor.default\">\n\t\t\t\t<div class=\"elementor-widget-container\">\n\t\t\t\t\t\t\t<p>Thus, our pest control in organic certification facilities, adhere to inspect, monitor and supervision; with exact pest identification in order to select the safest and most effective control methods.<\/p>\t\t\t\t\t\t<\/div>\n\t\t\t\t<\/div>\n\t\t\t\t\t<\/div>\n\t\t<\/div>\n\t\t\t\t<div class=\"elementor-column elementor-col-33 elementor-inner-column elementor-element elementor-element-42d2e6c7\" data-id=\"42d2e6c7\" data-element_type=\"column\" data-settings=\"{&quot;background_background&quot;:&quot;classic&quot;}\">\n\t\t\t<div class=\"elementor-widget-wrap elementor-element-populated\">\n\t\t\t\t\t\t\t\t<div class=\"elementor-element elementor-element-2c72fd40 elementor-invisible elementor-widget elementor-widget-image\" data-id=\"2c72fd40\" data-element_type=\"widget\" data-settings=\"{&quot;_animation&quot;:&quot;fadeIn&quot;,&quot;_animation_delay&quot;:400}\" data-widget_type=\"image.default\">\n\t\t\t\t<div class=\"elementor-widget-container\">\n\t\t\t\t\t\t\t\t\t\t\t\t\t\t\t<img decoding=\"async\" width=\"356\" height=\"356\" src=\"https:\/\/biosinsa.com\/wp-content\/uploads\/2022\/01\/biosinsa-icon-02.svg\" class=\"attachment-large size-large wp-image-1264\" alt=\"\" \/>\t\t\t\t\t\t\t\t\t\t\t\t\t\t\t<\/div>\n\t\t\t\t<\/div>\n\t\t\t\t<div class=\"elementor-element elementor-element-4b648740 elementor-invisible elementor-widget elementor-widget-text-editor\" data-id=\"4b648740\" data-element_type=\"widget\" data-settings=\"{&quot;_animation&quot;:&quot;fadeIn&quot;,&quot;_animation_delay&quot;:400}\" data-widget_type=\"text-editor.default\">\n\t\t\t\t<div class=\"elementor-widget-container\">\n\t\t\t\t\t\t\t<p>In this way, when the pest has been detected, identified and we have reached its source, we will work with you to create an inhospitable environment for pests through exclusion, remediation or disinfection efforts.<\/p>\t\t\t\t\t\t<\/div>\n\t\t\t\t<\/div>\n\t\t\t\t\t<\/div>\n\t\t<\/div>\n\t\t\t\t\t\t\t<\/div>\n\t\t<\/section>\n\t\t\t\t<div class=\"elementor-element elementor-element-d6ca5f3 elementor-widget elementor-widget-spacer\" data-id=\"d6ca5f3\" data-element_type=\"widget\" data-widget_type=\"spacer.default\">\n\t\t\t\t<div class=\"elementor-widget-container\">\n\t\t\t<style>\/*! elementor - v3.9.1 - 14-12-2022 *\/\n.elementor-column .elementor-spacer-inner{height:var(--spacer-size)}.e-con{--container-widget-width:100%}.e-con-inner>.elementor-widget-spacer,.e-con>.elementor-widget-spacer{width:var(--container-widget-width,var(--spacer-size));--align-self:var(--container-widget-align-self,initial);--flex-shrink:0}.e-con-inner>.elementor-widget-spacer>.elementor-widget-container,.e-con-inner>.elementor-widget-spacer>.elementor-widget-container>.elementor-spacer,.e-con>.elementor-widget-spacer>.elementor-widget-container,.e-con>.elementor-widget-spacer>.elementor-widget-container>.elementor-spacer{height:100%}.e-con-inner>.elementor-widget-spacer>.elementor-widget-container>.elementor-spacer>.elementor-spacer-inner,.e-con>.elementor-widget-spacer>.elementor-widget-container>.elementor-spacer>.elementor-spacer-inner{height:var(--container-widget-height,var(--spacer-size))}<\/style>\t\t<div class=\"elementor-spacer\">\n\t\t\t<div class=\"elementor-spacer-inner\"><\/div>\n\t\t<\/div>\n\t\t\t\t<\/div>\n\t\t\t\t<\/div>\n\t\t\t\t<div class=\"elementor-element elementor-element-21cf6839 elementor-align-center elementor-widget elementor-widget-button\" data-id=\"21cf6839\" data-element_type=\"widget\" data-widget_type=\"button.default\">\n\t\t\t\t<div class=\"elementor-widget-container\">\n\t\t\t\t\t<div class=\"elementor-button-wrapper\">\n\t\t\t<a href=\"https:\/\/biosinsa.com\/en\/contacto\/\" class=\"elementor-button-link elementor-button elementor-size-md\" role=\"button\">\n\t\t\t\t\t\t<span class=\"elementor-button-content-wrapper\">\n\t\t\t\t\t\t<span class=\"elementor-button-text\">Get a quote<\/span>\n\t\t<\/span>\n\t\t\t\t\t<\/a>\n\t\t<\/div>\n\t\t\t\t<\/div>\n\t\t\t\t<\/div>\n\t\t\t\t\t<\/div>\n\t\t<\/div>\n\t\t\t\t\t\t\t<\/div>\n\t\t<\/section>\n\t\t\t\t\t\t\t<\/div>","protected":false},"excerpt":{"rendered":"<p>Industria Org\u00e1nica En Biosinsa dise\u00f1amos programas de control de plagas para satisfacer sus necesidades espec\u00edficas para la obtenci\u00f3n del certificado org\u00e1nico. Nuestros programas de control de<span class=\"excerpt-hellip\"> [\u2026]<\/span><\/p>","protected":false},"author":1,"featured_media":0,"parent":0,"menu_order":0,"comment_status":"closed","ping_status":"closed","template":"","meta":{"_themeisle_gutenberg_block_has_review":false,"_ti_tpc_template_sync":false,"_ti_tpc_template_id":"","_joinchat":[]},"yoast_head":"<!-- This site is optimized with the Yoast SEO plugin v19.12 - https:\/\/yoast.com\/wordpress\/plugins\/seo\/ -->\n<title>Industria Org\u00e1nica - Biosinsa<\/title>\n<meta name=\"robots\" content=\"index, follow, max-snippet:-1, max-image-preview:large, max-video-preview:-1\" \/>\n<link rel=\"canonical\" href=\"https:\/\/biosinsa.com\/en\/industria-organica\/\" \/>\n<meta property=\"og:locale\" content=\"en_US\" \/>\n<meta property=\"og:type\" content=\"article\" \/>\n<meta property=\"og:title\" content=\"Industria Org\u00e1nica - Biosinsa\" \/>\n<meta property=\"og:description\" content=\"Industria Org\u00e1nica En Biosinsa dise\u00f1amos programas de control de plagas para satisfacer sus necesidades espec\u00edficas para la obtenci\u00f3n del certificado org\u00e1nico. Nuestros programas de control de [\u2026]\" \/>\n<meta property=\"og:url\" content=\"https:\/\/biosinsa.com\/en\/industria-organica\/\" \/>\n<meta property=\"og:site_name\" content=\"Biosinsa\" \/>\n<meta property=\"article:modified_time\" content=\"2022-03-04T00:07:42+00:00\" \/>\n<meta property=\"og:image\" content=\"https:\/\/biosinsa.com\/wp-content\/uploads\/2022\/01\/biosinsa-icon-02.svg\" \/>\n<meta name=\"twitter:card\" content=\"summary_large_image\" \/>\n<meta name=\"twitter:label1\" content=\"Est. reading time\" \/>\n\t<meta name=\"twitter:data1\" content=\"1 minute\" \/>\n<script type=\"application\/ld+json\" class=\"yoast-schema-graph\">{\"@context\":\"https:\/\/schema.org\",\"@graph\":[{\"@type\":\"WebPage\",\"@id\":\"https:\/\/biosinsa.com\/industria-organica\/\",\"url\":\"https:\/\/biosinsa.com\/industria-organica\/\",\"name\":\"Industria Org\u00e1nica - Biosinsa\",\"isPartOf\":{\"@id\":\"https:\/\/biosinsa.com\/#website\"},\"datePublished\":\"2022-01-13T18:56:43+00:00\",\"dateModified\":\"2022-03-04T00:07:42+00:00\",\"breadcrumb\":{\"@id\":\"https:\/\/biosinsa.com\/industria-organica\/#breadcrumb\"},\"inLanguage\":\"en-US\",\"potentialAction\":[{\"@type\":\"ReadAction\",\"target\":[\"https:\/\/biosinsa.com\/industria-organica\/\"]}]},{\"@type\":\"BreadcrumbList\",\"@id\":\"https:\/\/biosinsa.com\/industria-organica\/#breadcrumb\",\"itemListElement\":[{\"@type\":\"ListItem\",\"position\":1,\"name\":\"Inicio\",\"item\":\"https:\/\/biosinsa.com\/\"},{\"@type\":\"ListItem\",\"position\":2,\"name\":\"Industria Org\u00e1nica\"}]},{\"@type\":\"WebSite\",\"@id\":\"https:\/\/biosinsa.com\/#website\",\"url\":\"https:\/\/biosinsa.com\/\",\"name\":\"Biosinsa\",\"description\":\"Gestion integral de plagas\",\"publisher\":{\"@id\":\"https:\/\/biosinsa.com\/#organization\"},\"potentialAction\":[{\"@type\":\"SearchAction\",\"target\":{\"@type\":\"EntryPoint\",\"urlTemplate\":\"https:\/\/biosinsa.com\/?s={search_term_string}\"},\"query-input\":\"required name=search_term_string\"}],\"inLanguage\":\"en-US\"},{\"@type\":\"Organization\",\"@id\":\"https:\/\/biosinsa.com\/#organization\",\"name\":\"Biosinsa\",\"url\":\"https:\/\/biosinsa.com\/\",\"logo\":{\"@type\":\"ImageObject\",\"inLanguage\":\"en-US\",\"@id\":\"https:\/\/biosinsa.com\/#\/schema\/logo\/image\/\",\"url\":\"https:\/\/biosinsa.com\/wp-content\/uploads\/2021\/10\/logo-biosinsa.png\",\"contentUrl\":\"https:\/\/biosinsa.com\/wp-content\/uploads\/2021\/10\/logo-biosinsa.png\",\"width\":444,\"height\":113,\"caption\":\"Biosinsa\"},\"image\":{\"@id\":\"https:\/\/biosinsa.com\/#\/schema\/logo\/image\/\"}}]}<\/script>\n<!-- \/ Yoast SEO plugin. -->","yoast_head_json":{"title":"Industria Org\u00e1nica - Biosinsa","robots":{"index":"index","follow":"follow","max-snippet":"max-snippet:-1","max-image-preview":"max-image-preview:large","max-video-preview":"max-video-preview:-1"},"canonical":"https:\/\/biosinsa.com\/en\/industria-organica\/","og_locale":"en_US","og_type":"article","og_title":"Industria Org\u00e1nica - Biosinsa","og_description":"Industria Org\u00e1nica En Biosinsa dise\u00f1amos programas de control de plagas para satisfacer sus necesidades espec\u00edficas para la obtenci\u00f3n del certificado org\u00e1nico. Nuestros programas de control de [\u2026]","og_url":"https:\/\/biosinsa.com\/en\/industria-organica\/","og_site_name":"Biosinsa","article_modified_time":"2022-03-04T00:07:42+00:00","og_image":[{"url":"https:\/\/biosinsa.com\/wp-content\/uploads\/2022\/01\/biosinsa-icon-02.svg"}],"twitter_card":"summary_large_image","twitter_misc":{"Est. reading time":"1 minute"},"schema":{"@context":"https:\/\/schema.org","@graph":[{"@type":"WebPage","@id":"https:\/\/biosinsa.com\/industria-organica\/","url":"https:\/\/biosinsa.com\/industria-organica\/","name":"Industria Org\u00e1nica - Biosinsa","isPartOf":{"@id":"https:\/\/biosinsa.com\/#website"},"datePublished":"2022-01-13T18:56:43+00:00","dateModified":"2022-03-04T00:07:42+00:00","breadcrumb":{"@id":"https:\/\/biosinsa.com\/industria-organica\/#breadcrumb"},"inLanguage":"en-US","potentialAction":[{"@type":"ReadAction","target":["https:\/\/biosinsa.com\/industria-organica\/"]}]},{"@type":"BreadcrumbList","@id":"https:\/\/biosinsa.com\/industria-organica\/#breadcrumb","itemListElement":[{"@type":"ListItem","position":1,"name":"Inicio","item":"https:\/\/biosinsa.com\/"},{"@type":"ListItem","position":2,"name":"Industria Org\u00e1nica"}]},{"@type":"WebSite","@id":"https:\/\/biosinsa.com\/#website","url":"https:\/\/biosinsa.com\/","name":"Biosinsa","description":"Gestion integral de plagas","publisher":{"@id":"https:\/\/biosinsa.com\/#organization"},"potentialAction":[{"@type":"SearchAction","target":{"@type":"EntryPoint","urlTemplate":"https:\/\/biosinsa.com\/?s={search_term_string}"},"query-input":"required name=search_term_string"}],"inLanguage":"en-US"},{"@type":"Organization","@id":"https:\/\/biosinsa.com\/#organization","name":"Biosinsa","url":"https:\/\/biosinsa.com\/","logo":{"@type":"ImageObject","inLanguage":"en-US","@id":"https:\/\/biosinsa.com\/#\/schema\/logo\/image\/","url":"https:\/\/biosinsa.com\/wp-content\/uploads\/2021\/10\/logo-biosinsa.png","contentUrl":"https:\/\/biosinsa.com\/wp-content\/uploads\/2021\/10\/logo-biosinsa.png","width":444,"height":113,"caption":"Biosinsa"},"image":{"@id":"https:\/\/biosinsa.com\/#\/schema\/logo\/image\/"}}]}},"_links":{"self":[{"href":"https:\/\/biosinsa.com\/en\/wp-json\/wp\/v2\/pages\/907"}],"collection":[{"href":"https:\/\/biosinsa.com\/en\/wp-json\/wp\/v2\/pages"}],"about":[{"href":"https:\/\/biosinsa.com\/en\/wp-json\/wp\/v2\/types\/page"}],"author":[{"embeddable":true,"href":"https:\/\/biosinsa.com\/en\/wp-json\/wp\/v2\/users\/1"}],"replies":[{"embeddable":true,"href":"https:\/\/biosinsa.com\/en\/wp-json\/wp\/v2\/comments?post=907"}],"version-history":[{"count":106,"href":"https:\/\/biosinsa.com\/en\/wp-json\/wp\/v2\/pages\/907\/revisions"}],"predecessor-version":[{"id":2734,"href":"https:\/\/biosinsa.com\/en\/wp-json\/wp\/v2\/pages\/907\/revisions\/2734"}],"wp:attachment":[{"href":"https:\/\/biosinsa.com\/en\/wp-json\/wp\/v2\/media?parent=907"}],"curies":[{"name":"wp","href":"https:\/\/api.w.org\/{rel}","templated":true}]}}