
{"id":878,"date":"2022-01-13T18:08:59","date_gmt":"2022-01-13T18:08:59","guid":{"rendered":"http:\/\/biosinsa.com\/?page_id=878"},"modified":"2022-03-16T00:38:23","modified_gmt":"2022-03-16T00:38:23","slug":"nosotros","status":"publish","type":"page","link":"https:\/\/biosinsa.com\/en\/nosotros\/","title":{"rendered":"About us"},"content":{"rendered":"<div data-elementor-type=\"wp-page\" data-elementor-id=\"878\" class=\"elementor elementor-878\">\n\t\t\t\t\t\t\t\t\t<section class=\"elementor-section elementor-top-section elementor-element elementor-element-832f1cd elementor-section-full_width elementor-section-stretched elementor-section-height-default elementor-section-height-default\" data-id=\"832f1cd\" data-element_type=\"section\" data-settings=\"{&quot;stretch_section&quot;:&quot;section-stretched&quot;,&quot;background_background&quot;:&quot;classic&quot;}\">\n\t\t\t\t\t\t\t<div class=\"elementor-background-overlay\"><\/div>\n\t\t\t\t\t\t\t<div class=\"elementor-container elementor-column-gap-wider\">\n\t\t\t\t\t<div class=\"elementor-column elementor-col-100 elementor-top-column elementor-element elementor-element-40c5fdc\" data-id=\"40c5fdc\" data-element_type=\"column\" data-settings=\"{&quot;background_background&quot;:&quot;classic&quot;}\">\n\t\t\t<div class=\"elementor-widget-wrap elementor-element-populated\">\n\t\t\t\t\t\t\t\t<div class=\"elementor-element elementor-element-d6fba41 elementor-widget elementor-widget-text-editor\" data-id=\"d6fba41\" data-element_type=\"widget\" data-widget_type=\"text-editor.default\">\n\t\t\t\t<div class=\"elementor-widget-container\">\n\t\t\t<style>\/*! elementor - v3.9.1 - 14-12-2022 *\/\n.elementor-widget-text-editor.elementor-drop-cap-view-stacked .elementor-drop-cap{background-color:#818a91;color:#fff}.elementor-widget-text-editor.elementor-drop-cap-view-framed .elementor-drop-cap{color:#818a91;border:3px solid;background-color:transparent}.elementor-widget-text-editor:not(.elementor-drop-cap-view-default) .elementor-drop-cap{margin-top:8px}.elementor-widget-text-editor:not(.elementor-drop-cap-view-default) .elementor-drop-cap-letter{width:1em;height:1em}.elementor-widget-text-editor .elementor-drop-cap{float:left;text-align:center;line-height:1;font-size:50px}.elementor-widget-text-editor .elementor-drop-cap-letter{display:inline-block}<\/style>\t\t\t\t<p>About <span class=\"themecolor\">Us<\/span><\/p>\t\t\t\t\t\t<\/div>\n\t\t\t\t<\/div>\n\t\t\t\t\t<\/div>\n\t\t<\/div>\n\t\t\t\t\t\t\t<\/div>\n\t\t<\/section>\n\t\t\t\t<section class=\"elementor-section elementor-top-section elementor-element elementor-element-361c797 elementor-section-stretched elementor-section-boxed elementor-section-height-default elementor-section-height-default\" data-id=\"361c797\" data-element_type=\"section\" data-settings=\"{&quot;stretch_section&quot;:&quot;section-stretched&quot;}\">\n\t\t\t\t\t\t<div class=\"elementor-container elementor-column-gap-wider\">\n\t\t\t\t\t<div class=\"elementor-column elementor-col-100 elementor-top-column elementor-element elementor-element-10514fb\" data-id=\"10514fb\" data-element_type=\"column\">\n\t\t\t<div class=\"elementor-widget-wrap elementor-element-populated\">\n\t\t\t\t\t\t\t\t<section class=\"elementor-section elementor-inner-section elementor-element elementor-element-467763b elementor-section-content-middle elementor-reverse-mobile elementor-section-boxed elementor-section-height-default elementor-section-height-default\" data-id=\"467763b\" data-element_type=\"section\">\n\t\t\t\t\t\t<div class=\"elementor-container elementor-column-gap-default\">\n\t\t\t\t\t<div class=\"elementor-column elementor-col-50 elementor-inner-column elementor-element elementor-element-3460f1f\" data-id=\"3460f1f\" data-element_type=\"column\">\n\t\t\t<div class=\"elementor-widget-wrap elementor-element-populated\">\n\t\t\t\t\t\t\t\t<div class=\"elementor-element elementor-element-a8d8f3b elementor-widget elementor-widget-text-editor\" data-id=\"a8d8f3b\" data-element_type=\"widget\" data-widget_type=\"text-editor.default\">\n\t\t\t\t<div class=\"elementor-widget-container\">\n\t\t\t\t\t\t\t<h2><span class=\"themecolor\">Our History<\/span><\/h2><h5><b>BIO SOLUCIONES INDUSTRIALES, S.A. DE C.V. (BIOSINSA)<\/b><\/h5><p><span style=\"font-weight: 400;\">It is a Mexican company with a young vision, specialized in the Food Industry. In 1997 it was born as a trading company of Natural Insecticides (Pyrethrins) and the necessary equipment for their application. From this fact, arises the demand for application services of our products, originating the development of our service area with programs specially designed to meet the needs of pest control in the food industry, with more than <strong>20 years of experience.<\/strong><\/span><\/p>\t\t\t\t\t\t<\/div>\n\t\t\t\t<\/div>\n\t\t\t\t\t<\/div>\n\t\t<\/div>\n\t\t\t\t<div class=\"elementor-column elementor-col-50 elementor-inner-column elementor-element elementor-element-8c68361\" data-id=\"8c68361\" data-element_type=\"column\">\n\t\t\t<div class=\"elementor-widget-wrap elementor-element-populated\">\n\t\t\t\t\t\t\t\t<div class=\"elementor-element elementor-element-39fba53 elementor-widget elementor-widget-image\" data-id=\"39fba53\" data-element_type=\"widget\" data-widget_type=\"image.default\">\n\t\t\t\t<div class=\"elementor-widget-container\">\n\t\t\t<style>\/*! elementor - v3.9.1 - 14-12-2022 *\/\n.elementor-widget-image{text-align:center}.elementor-widget-image a{display:inline-block}.elementor-widget-image a img[src$=\".svg\"]{width:48px}.elementor-widget-image img{vertical-align:middle;display:inline-block}<\/style>\t\t\t\t\t\t\t\t\t\t\t\t<img decoding=\"async\" width=\"1024\" height=\"683\" src=\"https:\/\/biosinsa.com\/wp-content\/uploads\/2022\/01\/IMG_9327-1024x683.jpg\" class=\"attachment-large size-large wp-image-881\" alt=\"\" srcset=\"https:\/\/biosinsa.com\/wp-content\/uploads\/2022\/01\/IMG_9327-1024x683.jpg 1024w, https:\/\/biosinsa.com\/wp-content\/uploads\/2022\/01\/IMG_9327-300x200.jpg 300w, https:\/\/biosinsa.com\/wp-content\/uploads\/2022\/01\/IMG_9327-768x512.jpg 768w, https:\/\/biosinsa.com\/wp-content\/uploads\/2022\/01\/IMG_9327-1536x1024.jpg 1536w, https:\/\/biosinsa.com\/wp-content\/uploads\/2022\/01\/IMG_9327-2048x1365.jpg 2048w, https:\/\/biosinsa.com\/wp-content\/uploads\/2022\/01\/IMG_9327-219x146.jpg 219w, https:\/\/biosinsa.com\/wp-content\/uploads\/2022\/01\/IMG_9327-50x33.jpg 50w, https:\/\/biosinsa.com\/wp-content\/uploads\/2022\/01\/IMG_9327-113x75.jpg 113w\" sizes=\"(max-width: 1024px) 100vw, 1024px\" \/>\t\t\t\t\t\t\t\t\t\t\t\t\t\t\t<\/div>\n\t\t\t\t<\/div>\n\t\t\t\t\t<\/div>\n\t\t<\/div>\n\t\t\t\t\t\t\t<\/div>\n\t\t<\/section>\n\t\t\t\t\t<\/div>\n\t\t<\/div>\n\t\t\t\t\t\t\t<\/div>\n\t\t<\/section>\n\t\t\t\t<section class=\"elementor-section elementor-top-section elementor-element elementor-element-7887537 elementor-section-stretched elementor-section-boxed elementor-section-height-default elementor-section-height-default\" data-id=\"7887537\" data-element_type=\"section\" data-settings=\"{&quot;stretch_section&quot;:&quot;section-stretched&quot;,&quot;background_background&quot;:&quot;classic&quot;}\">\n\t\t\t\t\t\t<div class=\"elementor-container elementor-column-gap-wider\">\n\t\t\t\t\t<div class=\"elementor-column elementor-col-100 elementor-top-column elementor-element elementor-element-dba17c8\" data-id=\"dba17c8\" data-element_type=\"column\">\n\t\t\t<div class=\"elementor-widget-wrap elementor-element-populated\">\n\t\t\t\t\t\t\t\t<section class=\"elementor-section elementor-inner-section elementor-element elementor-element-5cd503f elementor-section-content-middle elementor-reverse-mobile elementor-section-boxed elementor-section-height-default elementor-section-height-default\" data-id=\"5cd503f\" data-element_type=\"section\">\n\t\t\t\t\t\t<div class=\"elementor-container elementor-column-gap-default\">\n\t\t\t\t\t<div class=\"elementor-column elementor-col-50 elementor-inner-column elementor-element elementor-element-cc8d2e9\" data-id=\"cc8d2e9\" data-element_type=\"column\">\n\t\t\t<div class=\"elementor-widget-wrap elementor-element-populated\">\n\t\t\t\t\t\t\t\t<div class=\"elementor-element elementor-element-bb21342 elementor-widget elementor-widget-text-editor\" data-id=\"bb21342\" data-element_type=\"widget\" data-widget_type=\"text-editor.default\">\n\t\t\t\t<div class=\"elementor-widget-container\">\n\t\t\t\t\t\t\t<h2><span class=\"themecolor\">Mission<\/span><\/h2><p style=\"text-align: justify;\">Acomplish the Integrated Pest Management in the Food Industry, to protect people, products, brands and the environment.<\/p>\t\t\t\t\t\t<\/div>\n\t\t\t\t<\/div>\n\t\t\t\t\t<\/div>\n\t\t<\/div>\n\t\t\t\t<div class=\"elementor-column elementor-col-50 elementor-inner-column elementor-element elementor-element-107062c\" data-id=\"107062c\" data-element_type=\"column\">\n\t\t\t<div class=\"elementor-widget-wrap elementor-element-populated\">\n\t\t\t\t\t\t\t\t<div class=\"elementor-element elementor-element-dd539ae elementor-widget elementor-widget-text-editor\" data-id=\"dd539ae\" data-element_type=\"widget\" data-widget_type=\"text-editor.default\">\n\t\t\t\t<div class=\"elementor-widget-container\">\n\t\t\t\t\t\t\t<h2><span class=\"themecolor\">Vision<\/span><\/h2>\n<p style=\"text-align: justify;\"><span style=\"font-weight: 400;\">To be recognized nationally and internationally as a leading company in Integrated Pest Management Solutions, offering advanced products and services, in an effective, efficient and socially responsible manner to our team and our community.<\/span><\/p>\t\t\t\t\t\t<\/div>\n\t\t\t\t<\/div>\n\t\t\t\t\t<\/div>\n\t\t<\/div>\n\t\t\t\t\t\t\t<\/div>\n\t\t<\/section>\n\t\t\t\t\t<\/div>\n\t\t<\/div>\n\t\t\t\t\t\t\t<\/div>\n\t\t<\/section>\n\t\t\t\t<section class=\"elementor-section elementor-top-section elementor-element elementor-element-38d18e8 elementor-section-stretched elementor-section-boxed elementor-section-height-default elementor-section-height-default\" data-id=\"38d18e8\" data-element_type=\"section\" data-settings=\"{&quot;stretch_section&quot;:&quot;section-stretched&quot;,&quot;background_background&quot;:&quot;classic&quot;}\">\n\t\t\t\t\t\t<div class=\"elementor-container elementor-column-gap-wider\">\n\t\t\t\t\t<div class=\"elementor-column elementor-col-100 elementor-top-column elementor-element elementor-element-b71d6e1\" data-id=\"b71d6e1\" data-element_type=\"column\">\n\t\t\t<div class=\"elementor-widget-wrap elementor-element-populated\">\n\t\t\t\t\t\t\t\t<section class=\"elementor-section elementor-inner-section elementor-element elementor-element-b0d2606 elementor-section-content-middle elementor-section-boxed elementor-section-height-default elementor-section-height-default\" data-id=\"b0d2606\" data-element_type=\"section\">\n\t\t\t\t\t\t<div class=\"elementor-container elementor-column-gap-default\">\n\t\t\t\t\t<div class=\"elementor-column elementor-col-100 elementor-inner-column elementor-element elementor-element-7081f88\" data-id=\"7081f88\" data-element_type=\"column\">\n\t\t\t<div class=\"elementor-widget-wrap elementor-element-populated\">\n\t\t\t\t\t\t\t\t<div class=\"elementor-element elementor-element-8adcb49 elementor-widget elementor-widget-text-editor\" data-id=\"8adcb49\" data-element_type=\"widget\" data-widget_type=\"text-editor.default\">\n\t\t\t\t<div class=\"elementor-widget-container\">\n\t\t\t\t\t\t\t<h2><span class=\"themecolor\">Values<\/span><\/h2>\t\t\t\t\t\t<\/div>\n\t\t\t\t<\/div>\n\t\t\t\t\t<\/div>\n\t\t<\/div>\n\t\t\t\t\t\t\t<\/div>\n\t\t<\/section>\n\t\t\t\t<section class=\"elementor-section elementor-inner-section elementor-element elementor-element-21d30c6 elementor-section-content-middle elementor-section-boxed elementor-section-height-default elementor-section-height-default\" data-id=\"21d30c6\" data-element_type=\"section\">\n\t\t\t\t\t\t<div class=\"elementor-container elementor-column-gap-default\">\n\t\t\t\t\t<div class=\"elementor-column elementor-col-25 elementor-inner-column elementor-element elementor-element-f47c437\" data-id=\"f47c437\" data-element_type=\"column\" data-settings=\"{&quot;background_background&quot;:&quot;classic&quot;}\">\n\t\t\t<div class=\"elementor-widget-wrap elementor-element-populated\">\n\t\t\t\t\t\t\t\t<div class=\"elementor-element elementor-element-7eab4b5 elementor-widget elementor-widget-text-editor\" data-id=\"7eab4b5\" data-element_type=\"widget\" data-widget_type=\"text-editor.default\">\n\t\t\t\t<div class=\"elementor-widget-container\">\n\t\t\t\t\t\t\t<span class=\"themecolor\">Passion<\/span>\t\t\t\t\t\t<\/div>\n\t\t\t\t<\/div>\n\t\t\t\t<div class=\"elementor-element elementor-element-5773ec6 elementor-widget elementor-widget-text-editor\" data-id=\"5773ec6\" data-element_type=\"widget\" data-widget_type=\"text-editor.default\">\n\t\t\t\t<div class=\"elementor-widget-container\">\n\t\t\t\t\t\t\t<p><span style=\"font-weight: 400;\">To perform our services with dedication, giving the best of ourselves and providing professional work as a result. <\/span><span style=\"font-weight: 400;\">.<\/span><\/p>\t\t\t\t\t\t<\/div>\n\t\t\t\t<\/div>\n\t\t\t\t\t<\/div>\n\t\t<\/div>\n\t\t\t\t<div class=\"elementor-column elementor-col-25 elementor-inner-column elementor-element elementor-element-88c63a0\" data-id=\"88c63a0\" data-element_type=\"column\" data-settings=\"{&quot;background_background&quot;:&quot;classic&quot;}\">\n\t\t\t<div class=\"elementor-widget-wrap elementor-element-populated\">\n\t\t\t\t\t\t\t\t<div class=\"elementor-element elementor-element-832b01f elementor-widget elementor-widget-text-editor\" data-id=\"832b01f\" data-element_type=\"widget\" data-widget_type=\"text-editor.default\">\n\t\t\t\t<div class=\"elementor-widget-container\">\n\t\t\t\t\t\t\t<span class=\"themecolor\">Ethics<\/span>\t\t\t\t\t\t<\/div>\n\t\t\t\t<\/div>\n\t\t\t\t<div class=\"elementor-element elementor-element-21e1082 elementor-widget elementor-widget-text-editor\" data-id=\"21e1082\" data-element_type=\"widget\" data-widget_type=\"text-editor.default\">\n\t\t\t\t<div class=\"elementor-widget-container\">\n\t\t\t\t\t\t\t<p><span style=\"font-weight: 400;\">Conduct ourselves with Ethics in all our work in order to generate trust within our company and with our clients. <\/span><span style=\"font-weight: 400;\">.<\/span><\/p>\t\t\t\t\t\t<\/div>\n\t\t\t\t<\/div>\n\t\t\t\t\t<\/div>\n\t\t<\/div>\n\t\t\t\t<div class=\"elementor-column elementor-col-25 elementor-inner-column elementor-element elementor-element-8db43cc\" data-id=\"8db43cc\" data-element_type=\"column\" data-settings=\"{&quot;background_background&quot;:&quot;classic&quot;}\">\n\t\t\t<div class=\"elementor-widget-wrap elementor-element-populated\">\n\t\t\t\t\t\t\t\t<div class=\"elementor-element elementor-element-2989f79 elementor-widget elementor-widget-text-editor\" data-id=\"2989f79\" data-element_type=\"widget\" data-widget_type=\"text-editor.default\">\n\t\t\t\t<div class=\"elementor-widget-container\">\n\t\t\t\t\t\t\t<span class=\"themecolor\">Commitment and Responsibility<\/span>\t\t\t\t\t\t<\/div>\n\t\t\t\t<\/div>\n\t\t\t\t<div class=\"elementor-element elementor-element-024804e elementor-widget elementor-widget-text-editor\" data-id=\"024804e\" data-element_type=\"widget\" data-widget_type=\"text-editor.default\">\n\t\t\t\t<div class=\"elementor-widget-container\">\n\t\t\t\t\t\t\t<p><span style=\"font-weight: 400;\">Join the forces generating a team work, to achieve a common good between our clients and us. <\/span><span style=\"font-weight: 400;\">.<\/span><\/p>\t\t\t\t\t\t<\/div>\n\t\t\t\t<\/div>\n\t\t\t\t\t<\/div>\n\t\t<\/div>\n\t\t\t\t<div class=\"elementor-column elementor-col-25 elementor-inner-column elementor-element elementor-element-031cd9c\" data-id=\"031cd9c\" data-element_type=\"column\" data-settings=\"{&quot;background_background&quot;:&quot;classic&quot;}\">\n\t\t\t<div class=\"elementor-widget-wrap elementor-element-populated\">\n\t\t\t\t\t\t\t\t<div class=\"elementor-element elementor-element-6069555 elementor-widget elementor-widget-text-editor\" data-id=\"6069555\" data-element_type=\"widget\" data-widget_type=\"text-editor.default\">\n\t\t\t\t<div class=\"elementor-widget-container\">\n\t\t\t\t\t\t\t<span class=\"themecolor\">Excellence<\/span>\t\t\t\t\t\t<\/div>\n\t\t\t\t<\/div>\n\t\t\t\t<div class=\"elementor-element elementor-element-5d0d28f elementor-widget elementor-widget-text-editor\" data-id=\"5d0d28f\" data-element_type=\"widget\" data-widget_type=\"text-editor.default\">\n\t\t\t\t<div class=\"elementor-widget-container\">\n\t\t\t\t\t\t\t<p class=\" translation-block\">Work with a positive attitude of service and feedback, to exceed the expectations of our colleagues and customers, providing solutions to their needs, thus achieving excellence in service.<\/p>\t\t\t\t\t\t<\/div>\n\t\t\t\t<\/div>\n\t\t\t\t\t<\/div>\n\t\t<\/div>\n\t\t\t\t\t\t\t<\/div>\n\t\t<\/section>\n\t\t\t\t\t<\/div>\n\t\t<\/div>\n\t\t\t\t\t\t\t<\/div>\n\t\t<\/section>\n\t\t\t\t<section class=\"elementor-section elementor-top-section elementor-element elementor-element-96f14f7 elementor-section-stretched elementor-section-boxed elementor-section-height-default elementor-section-height-default\" data-id=\"96f14f7\" data-element_type=\"section\" data-settings=\"{&quot;stretch_section&quot;:&quot;section-stretched&quot;,&quot;background_background&quot;:&quot;classic&quot;}\">\n\t\t\t\t\t\t\t<div class=\"elementor-background-overlay\"><\/div>\n\t\t\t\t\t\t\t<div class=\"elementor-container elementor-column-gap-default\">\n\t\t\t\t\t<div class=\"elementor-column elementor-col-100 elementor-top-column elementor-element elementor-element-4415313\" data-id=\"4415313\" data-element_type=\"column\">\n\t\t\t<div class=\"elementor-widget-wrap elementor-element-populated\">\n\t\t\t\t\t\t\t\t<div class=\"elementor-element elementor-element-6d8bdcc elementor-widget elementor-widget-image\" data-id=\"6d8bdcc\" data-element_type=\"widget\" data-widget_type=\"image.default\">\n\t\t\t\t<div class=\"elementor-widget-container\">\n\t\t\t\t\t\t\t\t\t\t\t\t\t\t\t<img decoding=\"async\" width=\"500\" height=\"500\" src=\"https:\/\/biosinsa.com\/wp-content\/uploads\/2021\/10\/certificaciones-organico.png\" class=\"attachment-large size-large wp-image-657\" alt=\"\" srcset=\"https:\/\/biosinsa.com\/wp-content\/uploads\/2021\/10\/certificaciones-organico.png 500w, https:\/\/biosinsa.com\/wp-content\/uploads\/2021\/10\/certificaciones-organico-300x300.png 300w, https:\/\/biosinsa.com\/wp-content\/uploads\/2021\/10\/certificaciones-organico-150x150.png 150w, https:\/\/biosinsa.com\/wp-content\/uploads\/2021\/10\/certificaciones-organico-146x146.png 146w, https:\/\/biosinsa.com\/wp-content\/uploads\/2021\/10\/certificaciones-organico-50x50.png 50w, https:\/\/biosinsa.com\/wp-content\/uploads\/2021\/10\/certificaciones-organico-75x75.png 75w, https:\/\/biosinsa.com\/wp-content\/uploads\/2021\/10\/certificaciones-organico-85x85.png 85w, https:\/\/biosinsa.com\/wp-content\/uploads\/2021\/10\/certificaciones-organico-80x80.png 80w\" sizes=\"(max-width: 500px) 100vw, 500px\" \/>\t\t\t\t\t\t\t\t\t\t\t\t\t\t\t<\/div>\n\t\t\t\t<\/div>\n\t\t\t\t<div class=\"elementor-element elementor-element-58957d1 elementor-widget elementor-widget-text-editor\" data-id=\"58957d1\" data-element_type=\"widget\" data-widget_type=\"text-editor.default\">\n\t\t\t\t<div class=\"elementor-widget-container\">\n\t\t\t\t\t\t\t<h2 style=\"color: #fff;\">Quality Policy<\/h2><p>We are committed to satisfy and exceed the needs, requirements and expectations of our clients, providing them with quality products and services, always with added value, adhering to the establishments to the ISO international standard and our quality management system, \nattentive to the internal and external issues of our context.<\/p><p>Supported by competent personnel willing to seek constant improvement of our services and processes.<\/p>\t\t\t\t\t\t<\/div>\n\t\t\t\t<\/div>\n\t\t\t\t\t<\/div>\n\t\t<\/div>\n\t\t\t\t\t\t\t<\/div>\n\t\t<\/section>\n\t\t\t\t\t\t\t<\/div>","protected":false},"excerpt":{"rendered":"<p>QUI\u00c9NES SOMOS Historia BIO SOLUCIONES INDUSTRIALES, S.A. DE C.V. (BIOSINSA) Es una empresa mexicana con visi\u00f3n joven, con especializaci\u00f3n en Industria Alimenticia. En 1997 nace como<span class=\"excerpt-hellip\"> [\u2026]<\/span><\/p>","protected":false},"author":1,"featured_media":0,"parent":0,"menu_order":0,"comment_status":"closed","ping_status":"closed","template":"","meta":{"_themeisle_gutenberg_block_has_review":false,"_ti_tpc_template_sync":false,"_ti_tpc_template_id":"","_joinchat":[]},"yoast_head":"<!-- This site is optimized with the Yoast SEO plugin v19.12 - https:\/\/yoast.com\/wordpress\/plugins\/seo\/ -->\n<title>Nosotros - Biosinsa<\/title>\n<meta name=\"robots\" content=\"index, follow, max-snippet:-1, max-image-preview:large, max-video-preview:-1\" \/>\n<link rel=\"canonical\" href=\"https:\/\/biosinsa.com\/en\/nosotros\/\" \/>\n<meta property=\"og:locale\" content=\"en_US\" \/>\n<meta property=\"og:type\" content=\"article\" \/>\n<meta property=\"og:title\" content=\"Nosotros - Biosinsa\" \/>\n<meta property=\"og:description\" content=\"QUI\u00c9NES SOMOS Historia BIO SOLUCIONES INDUSTRIALES, S.A. DE C.V. (BIOSINSA) Es una empresa mexicana con visi\u00f3n joven, con especializaci\u00f3n en Industria Alimenticia. En 1997 nace como [\u2026]\" \/>\n<meta property=\"og:url\" content=\"https:\/\/biosinsa.com\/en\/nosotros\/\" \/>\n<meta property=\"og:site_name\" content=\"Biosinsa\" \/>\n<meta property=\"article:modified_time\" content=\"2022-03-16T00:38:23+00:00\" \/>\n<meta property=\"og:image\" content=\"https:\/\/biosinsa.com\/wp-content\/uploads\/2022\/01\/IMG_9327-1024x683.jpg\" \/>\n<meta name=\"twitter:card\" content=\"summary_large_image\" \/>\n<meta name=\"twitter:label1\" content=\"Est. reading time\" \/>\n\t<meta name=\"twitter:data1\" content=\"2 minutes\" \/>\n<script type=\"application\/ld+json\" class=\"yoast-schema-graph\">{\"@context\":\"https:\/\/schema.org\",\"@graph\":[{\"@type\":\"WebPage\",\"@id\":\"https:\/\/biosinsa.com\/nosotros\/\",\"url\":\"https:\/\/biosinsa.com\/nosotros\/\",\"name\":\"Nosotros - Biosinsa\",\"isPartOf\":{\"@id\":\"https:\/\/biosinsa.com\/#website\"},\"datePublished\":\"2022-01-13T18:08:59+00:00\",\"dateModified\":\"2022-03-16T00:38:23+00:00\",\"breadcrumb\":{\"@id\":\"https:\/\/biosinsa.com\/nosotros\/#breadcrumb\"},\"inLanguage\":\"en-US\",\"potentialAction\":[{\"@type\":\"ReadAction\",\"target\":[\"https:\/\/biosinsa.com\/nosotros\/\"]}]},{\"@type\":\"BreadcrumbList\",\"@id\":\"https:\/\/biosinsa.com\/nosotros\/#breadcrumb\",\"itemListElement\":[{\"@type\":\"ListItem\",\"position\":1,\"name\":\"Inicio\",\"item\":\"https:\/\/biosinsa.com\/\"},{\"@type\":\"ListItem\",\"position\":2,\"name\":\"Nosotros\"}]},{\"@type\":\"WebSite\",\"@id\":\"https:\/\/biosinsa.com\/#website\",\"url\":\"https:\/\/biosinsa.com\/\",\"name\":\"Biosinsa\",\"description\":\"Gestion integral de plagas\",\"publisher\":{\"@id\":\"https:\/\/biosinsa.com\/#organization\"},\"potentialAction\":[{\"@type\":\"SearchAction\",\"target\":{\"@type\":\"EntryPoint\",\"urlTemplate\":\"https:\/\/biosinsa.com\/?s={search_term_string}\"},\"query-input\":\"required name=search_term_string\"}],\"inLanguage\":\"en-US\"},{\"@type\":\"Organization\",\"@id\":\"https:\/\/biosinsa.com\/#organization\",\"name\":\"Biosinsa\",\"url\":\"https:\/\/biosinsa.com\/\",\"logo\":{\"@type\":\"ImageObject\",\"inLanguage\":\"en-US\",\"@id\":\"https:\/\/biosinsa.com\/#\/schema\/logo\/image\/\",\"url\":\"https:\/\/biosinsa.com\/wp-content\/uploads\/2021\/10\/logo-biosinsa.png\",\"contentUrl\":\"https:\/\/biosinsa.com\/wp-content\/uploads\/2021\/10\/logo-biosinsa.png\",\"width\":444,\"height\":113,\"caption\":\"Biosinsa\"},\"image\":{\"@id\":\"https:\/\/biosinsa.com\/#\/schema\/logo\/image\/\"}}]}<\/script>\n<!-- \/ Yoast SEO plugin. -->","yoast_head_json":{"title":"Nosotros - Biosinsa","robots":{"index":"index","follow":"follow","max-snippet":"max-snippet:-1","max-image-preview":"max-image-preview:large","max-video-preview":"max-video-preview:-1"},"canonical":"https:\/\/biosinsa.com\/en\/nosotros\/","og_locale":"en_US","og_type":"article","og_title":"Nosotros - Biosinsa","og_description":"QUI\u00c9NES SOMOS Historia BIO SOLUCIONES INDUSTRIALES, S.A. DE C.V. (BIOSINSA) Es una empresa mexicana con visi\u00f3n joven, con especializaci\u00f3n en Industria Alimenticia. En 1997 nace como [\u2026]","og_url":"https:\/\/biosinsa.com\/en\/nosotros\/","og_site_name":"Biosinsa","article_modified_time":"2022-03-16T00:38:23+00:00","og_image":[{"url":"https:\/\/biosinsa.com\/wp-content\/uploads\/2022\/01\/IMG_9327-1024x683.jpg"}],"twitter_card":"summary_large_image","twitter_misc":{"Est. reading time":"2 minutes"},"schema":{"@context":"https:\/\/schema.org","@graph":[{"@type":"WebPage","@id":"https:\/\/biosinsa.com\/nosotros\/","url":"https:\/\/biosinsa.com\/nosotros\/","name":"Nosotros - Biosinsa","isPartOf":{"@id":"https:\/\/biosinsa.com\/#website"},"datePublished":"2022-01-13T18:08:59+00:00","dateModified":"2022-03-16T00:38:23+00:00","breadcrumb":{"@id":"https:\/\/biosinsa.com\/nosotros\/#breadcrumb"},"inLanguage":"en-US","potentialAction":[{"@type":"ReadAction","target":["https:\/\/biosinsa.com\/nosotros\/"]}]},{"@type":"BreadcrumbList","@id":"https:\/\/biosinsa.com\/nosotros\/#breadcrumb","itemListElement":[{"@type":"ListItem","position":1,"name":"Inicio","item":"https:\/\/biosinsa.com\/"},{"@type":"ListItem","position":2,"name":"Nosotros"}]},{"@type":"WebSite","@id":"https:\/\/biosinsa.com\/#website","url":"https:\/\/biosinsa.com\/","name":"Biosinsa","description":"Gestion integral de plagas","publisher":{"@id":"https:\/\/biosinsa.com\/#organization"},"potentialAction":[{"@type":"SearchAction","target":{"@type":"EntryPoint","urlTemplate":"https:\/\/biosinsa.com\/?s={search_term_string}"},"query-input":"required name=search_term_string"}],"inLanguage":"en-US"},{"@type":"Organization","@id":"https:\/\/biosinsa.com\/#organization","name":"Biosinsa","url":"https:\/\/biosinsa.com\/","logo":{"@type":"ImageObject","inLanguage":"en-US","@id":"https:\/\/biosinsa.com\/#\/schema\/logo\/image\/","url":"https:\/\/biosinsa.com\/wp-content\/uploads\/2021\/10\/logo-biosinsa.png","contentUrl":"https:\/\/biosinsa.com\/wp-content\/uploads\/2021\/10\/logo-biosinsa.png","width":444,"height":113,"caption":"Biosinsa"},"image":{"@id":"https:\/\/biosinsa.com\/#\/schema\/logo\/image\/"}}]}},"_links":{"self":[{"href":"https:\/\/biosinsa.com\/en\/wp-json\/wp\/v2\/pages\/878"}],"collection":[{"href":"https:\/\/biosinsa.com\/en\/wp-json\/wp\/v2\/pages"}],"about":[{"href":"https:\/\/biosinsa.com\/en\/wp-json\/wp\/v2\/types\/page"}],"author":[{"embeddable":true,"href":"https:\/\/biosinsa.com\/en\/wp-json\/wp\/v2\/users\/1"}],"replies":[{"embeddable":true,"href":"https:\/\/biosinsa.com\/en\/wp-json\/wp\/v2\/comments?post=878"}],"version-history":[{"count":61,"href":"https:\/\/biosinsa.com\/en\/wp-json\/wp\/v2\/pages\/878\/revisions"}],"predecessor-version":[{"id":2749,"href":"https:\/\/biosinsa.com\/en\/wp-json\/wp\/v2\/pages\/878\/revisions\/2749"}],"wp:attachment":[{"href":"https:\/\/biosinsa.com\/en\/wp-json\/wp\/v2\/media?parent=878"}],"curies":[{"name":"wp","href":"https:\/\/api.w.org\/{rel}","templated":true}]}}