
{"id":2197,"date":"2022-02-08T19:40:36","date_gmt":"2022-02-08T19:40:36","guid":{"rendered":"http:\/\/biosinsa.com\/?page_id=2197"},"modified":"2022-02-18T23:13:00","modified_gmt":"2022-02-18T23:13:00","slug":"blog","status":"publish","type":"page","link":"https:\/\/biosinsa.com\/en\/blog\/","title":{"rendered":"Blog"},"content":{"rendered":"<div data-elementor-type=\"wp-page\" data-elementor-id=\"2197\" class=\"elementor elementor-2197\">\n\t\t\t\t\t\t\t\t\t<section class=\"elementor-section elementor-top-section elementor-element elementor-element-512fac1 elementor-section-full_width elementor-section-stretched elementor-section-height-default elementor-section-height-default\" data-id=\"512fac1\" data-element_type=\"section\" data-settings=\"{&quot;stretch_section&quot;:&quot;section-stretched&quot;,&quot;background_background&quot;:&quot;classic&quot;}\">\n\t\t\t\t\t\t\t<div class=\"elementor-background-overlay\"><\/div>\n\t\t\t\t\t\t\t<div class=\"elementor-container elementor-column-gap-wider\">\n\t\t\t\t\t<div class=\"elementor-column elementor-col-100 elementor-top-column elementor-element elementor-element-2fee0f0\" data-id=\"2fee0f0\" data-element_type=\"column\" data-settings=\"{&quot;background_background&quot;:&quot;classic&quot;}\">\n\t\t\t<div class=\"elementor-widget-wrap elementor-element-populated\">\n\t\t\t\t\t\t\t\t<div class=\"elementor-element elementor-element-78f5ab2 elementor-widget elementor-widget-text-editor\" data-id=\"78f5ab2\" data-element_type=\"widget\" data-widget_type=\"text-editor.default\">\n\t\t\t\t<div class=\"elementor-widget-container\">\n\t\t\t<style>\/*! elementor - v3.9.1 - 14-12-2022 *\/\n.elementor-widget-text-editor.elementor-drop-cap-view-stacked .elementor-drop-cap{background-color:#818a91;color:#fff}.elementor-widget-text-editor.elementor-drop-cap-view-framed .elementor-drop-cap{color:#818a91;border:3px solid;background-color:transparent}.elementor-widget-text-editor:not(.elementor-drop-cap-view-default) .elementor-drop-cap{margin-top:8px}.elementor-widget-text-editor:not(.elementor-drop-cap-view-default) .elementor-drop-cap-letter{width:1em;height:1em}.elementor-widget-text-editor .elementor-drop-cap{float:left;text-align:center;line-height:1;font-size:50px}.elementor-widget-text-editor .elementor-drop-cap-letter{display:inline-block}<\/style>\t\t\t\t<p>Blog<\/p>\t\t\t\t\t\t<\/div>\n\t\t\t\t<\/div>\n\t\t\t\t\t<\/div>\n\t\t<\/div>\n\t\t\t\t\t\t\t<\/div>\n\t\t<\/section>\n\t\t\t\t<section class=\"elementor-section elementor-top-section elementor-element elementor-element-e25e8cc elementor-section-stretched elementor-section-boxed elementor-section-height-default elementor-section-height-default\" data-id=\"e25e8cc\" data-element_type=\"section\" data-settings=\"{&quot;stretch_section&quot;:&quot;section-stretched&quot;}\">\n\t\t\t\t\t\t<div class=\"elementor-container elementor-column-gap-default\">\n\t\t\t\t\t<div class=\"elementor-column elementor-col-50 elementor-top-column elementor-element elementor-element-43188e0\" data-id=\"43188e0\" data-element_type=\"column\">\n\t\t\t<div class=\"elementor-widget-wrap elementor-element-populated\">\n\t\t\t\t\t\t\t\t<div class=\"elementor-element elementor-element-184dc97 elementor-widget elementor-widget-mfn_blog\" data-id=\"184dc97\" data-element_type=\"widget\" data-widget_type=\"mfn_blog.default\">\n\t\t\t\t<div class=\"elementor-widget-container\">\n\t\t\t<div class=\"column_filters\"><div class=\"blog_wrapper isotope_wrapper clearfix\"><div class=\"posts_group lm_wrapper col- photo\"><div class=\"post-item isotope-item clearfix post-2651 post type-post status-publish format-standard has-post-thumbnail hentry category-blog\" style=\"\"><div class=\"date_label\">February 18, 2022<\/div><div class=\"image_frame post-photo-wrapper scale-with-grid image\"><div class=\"image_wrapper\"><a href=\"https:\/\/biosinsa.com\/en\/trabajo-equipo\/\"><div class=\"mask\"><\/div><img width=\"1200\" height=\"675\" src=\"https:\/\/biosinsa.com\/wp-content\/uploads\/2022\/02\/WhatsApp-Image-2022-02-15-at-13.14.56-1200x675.jpeg\" class=\"scale-with-grid wp-post-image\" alt=\"\" decoding=\"async\" loading=\"lazy\" \/><\/a><div class=\"image_links double\"><a class=\"zoom\"  rel=\"prettyphoto\" href=\"https:\/\/biosinsa.com\/wp-content\/uploads\/2022\/02\/WhatsApp-Image-2022-02-15-at-13.14.56-1024x682.jpeg\"><svg viewbox=\"0 0 26 26\"><defs><style>.path{fill:none;stroke:#333;stroke-miterlimit:10;stroke-width:1.5px;}<\/style><\/defs><circle cx=\"11.35\" cy=\"11.35\" r=\"6\" class=\"path\"><\/circle><line x1=\"15.59\" y1=\"15.59\" x2=\"20.65\" y2=\"20.65\" class=\"path\"><\/line><\/svg><\/a><a class=\"link\"  href=\"https:\/\/biosinsa.com\/en\/trabajo-equipo\/\"><svg viewbox=\"0 0 26 26\"><defs><style>.path{fill:none;stroke:#333;stroke-miterlimit:10;stroke-width:1.5px;}<\/style><\/defs><g><path d=\"M10.17,8.76l2.12-2.12a5,5,0,0,1,7.07,0h0a5,5,0,0,1,0,7.07l-2.12,2.12\" class=\"path\"><\/path><path d=\"M15.83,17.24l-2.12,2.12a5,5,0,0,1-7.07,0h0a5,5,0,0,1,0-7.07l2.12-2.12\" class=\"path\"><\/path><line x1=\"10.17\" y1=\"15.83\" x2=\"15.83\" y2=\"10.17\" class=\"path\"><\/line><\/g><\/svg><\/a><\/div><\/div><\/div><div class=\"post-desc-wrapper bg- has-custom-bg\" style=\"\"><div class=\"post-desc\"><div class=\"post-head\"><div class=\"post-meta clearfix\"><div class=\"author-date\"><span class=\"date\"><i class=\"icon-clock\"><\/i> <span class=\"post-date updated\">February 18, 2022<\/span><\/span><\/div><div class=\"category\"><span class=\"cat-btn\">Categories <i class=\"icon-down-dir\"><\/i><\/span><div class=\"cat-wrapper\"><ul class=\"post-categories\">\n\t<li><a href=\"https:\/\/biosinsa.com\/en\/category\/blog\/\" rel=\"category tag\">Blog<\/a><\/li><\/ul><\/div><\/div><\/div><div class=\"post-footer\"><div class=\"button-love\"><span class=\"love-text\">Do you like it?<\/span><a href=\"#\" class=\"mfn-love\" data-id=\"2651\"><span class=\"icons-wrapper\"><i class=\"icon-heart-empty-fa\"><\/i><i class=\"icon-heart-fa\"><\/i><\/span><span class=\"label\">0<\/span><\/a><\/div><div class=\"post-links\"><i class=\"icon-comment-empty-fa\"><\/i> <a href=\"https:\/\/biosinsa.com\/en\/trabajo-equipo\/#respond\" class=\"post-comments\">0<\/a><i class=\"icon-doc-text\"><\/i> <a href=\"https:\/\/biosinsa.com\/en\/trabajo-equipo\/\" class=\"post-more\">Read more<\/a><\/div><\/div><\/div><div class=\"post-title\"><h2 class=\"entry-title\" itemprop=\"headline\"><a href=\"https:\/\/biosinsa.com\/en\/trabajo-equipo\/\">Trabajo en equipo<\/a><\/h2><\/div><div class=\"post-excerpt\">Trabajo en equipo En biosinsa creemos ampliamente que el trabajo en equipo multiplica los resultados.<\/div><\/div><\/div><\/div><\/div><\/div>\n<\/div>\n\t\t<\/div>\n\t\t\t\t<\/div>\n\t\t\t\t<div class=\"elementor-element elementor-element-637f2ee elementor-widget elementor-widget-html\" data-id=\"637f2ee\" data-element_type=\"widget\" data-widget_type=\"html.default\">\n\t\t\t\t<div class=\"elementor-widget-container\">\n\t\t\t<style>\n    .mcb-sidebar{\n        padding-top: 550px;\n         !important;\n    }\n<\/style>\t\t<\/div>\n\t\t\t\t<\/div>\n\t\t\t\t\t<\/div>\n\t\t<\/div>\n\t\t\t\t<div class=\"elementor-column elementor-col-50 elementor-top-column elementor-element elementor-element-666d8d9\" data-id=\"666d8d9\" data-element_type=\"column\">\n\t\t\t<div class=\"elementor-widget-wrap elementor-element-populated\">\n\t\t\t\t\t\t\t\t<div class=\"elementor-element elementor-element-15d7b51 elementor-widget elementor-widget-html\" data-id=\"15d7b51\" data-element_type=\"widget\" data-widget_type=\"html.default\">\n\t\t\t\t<div class=\"elementor-widget-container\">\n\t\t\t<style>\n    .mcb-sidebar{\n        padding-top: 550px;\n         !important;\n    }\n<\/style>\t\t<\/div>\n\t\t\t\t<\/div>\n\t\t\t\t\t<\/div>\n\t\t<\/div>\n\t\t\t\t\t\t\t<\/div>\n\t\t<\/section>\n\t\t\t\t\t\t\t<\/div>","protected":false},"excerpt":{"rendered":"<p>Blog febrero 18, 2022 Do you like it?0 0 Leer m\u00e1s Art\u00edculo prueba Art\u00edculo prueba Lorem ipsum dolor sit amet, consectetur adipiscing elit. Ut elit tellus,<span class=\"excerpt-hellip\"> [\u2026]<\/span><\/p>","protected":false},"author":1,"featured_media":0,"parent":0,"menu_order":0,"comment_status":"closed","ping_status":"closed","template":"","meta":{"_themeisle_gutenberg_block_has_review":false,"_ti_tpc_template_sync":false,"_ti_tpc_template_id":"","_joinchat":[]},"yoast_head":"<!-- This site is optimized with the Yoast SEO plugin v19.12 - https:\/\/yoast.com\/wordpress\/plugins\/seo\/ -->\n<title>Blog - Biosinsa<\/title>\n<meta name=\"robots\" content=\"index, follow, max-snippet:-1, max-image-preview:large, max-video-preview:-1\" \/>\n<link rel=\"canonical\" href=\"https:\/\/biosinsa.com\/en\/blog\/\" \/>\n<meta property=\"og:locale\" content=\"en_US\" \/>\n<meta property=\"og:type\" content=\"article\" \/>\n<meta property=\"og:title\" content=\"Blog - Biosinsa\" \/>\n<meta property=\"og:description\" content=\"Blog febrero 18, 2022 Do you like it?0 0 Leer m\u00e1s Art\u00edculo prueba Art\u00edculo prueba Lorem ipsum dolor sit amet, consectetur adipiscing elit. Ut elit tellus, [\u2026]\" \/>\n<meta property=\"og:url\" content=\"https:\/\/biosinsa.com\/en\/blog\/\" \/>\n<meta property=\"og:site_name\" content=\"Biosinsa\" \/>\n<meta property=\"article:modified_time\" content=\"2022-02-18T23:13:00+00:00\" \/>\n<meta property=\"og:image\" content=\"http:\/\/biosinsa.com\/wp-content\/uploads\/2022\/02\/WhatsApp-Image-2022-02-15-at-13.14.56-1200x675.jpeg\" \/>\n<meta name=\"twitter:card\" content=\"summary_large_image\" \/>\n<script type=\"application\/ld+json\" class=\"yoast-schema-graph\">{\"@context\":\"https:\/\/schema.org\",\"@graph\":[{\"@type\":\"WebPage\",\"@id\":\"https:\/\/biosinsa.com\/blog\/\",\"url\":\"https:\/\/biosinsa.com\/blog\/\",\"name\":\"Blog - Biosinsa\",\"isPartOf\":{\"@id\":\"https:\/\/biosinsa.com\/#website\"},\"datePublished\":\"2022-02-08T19:40:36+00:00\",\"dateModified\":\"2022-02-18T23:13:00+00:00\",\"breadcrumb\":{\"@id\":\"https:\/\/biosinsa.com\/blog\/#breadcrumb\"},\"inLanguage\":\"en-US\",\"potentialAction\":[{\"@type\":\"ReadAction\",\"target\":[\"https:\/\/biosinsa.com\/blog\/\"]}]},{\"@type\":\"BreadcrumbList\",\"@id\":\"https:\/\/biosinsa.com\/blog\/#breadcrumb\",\"itemListElement\":[{\"@type\":\"ListItem\",\"position\":1,\"name\":\"Inicio\",\"item\":\"https:\/\/biosinsa.com\/\"},{\"@type\":\"ListItem\",\"position\":2,\"name\":\"Blog\"}]},{\"@type\":\"WebSite\",\"@id\":\"https:\/\/biosinsa.com\/#website\",\"url\":\"https:\/\/biosinsa.com\/\",\"name\":\"Biosinsa\",\"description\":\"Gestion integral de plagas\",\"publisher\":{\"@id\":\"https:\/\/biosinsa.com\/#organization\"},\"potentialAction\":[{\"@type\":\"SearchAction\",\"target\":{\"@type\":\"EntryPoint\",\"urlTemplate\":\"https:\/\/biosinsa.com\/?s={search_term_string}\"},\"query-input\":\"required name=search_term_string\"}],\"inLanguage\":\"en-US\"},{\"@type\":\"Organization\",\"@id\":\"https:\/\/biosinsa.com\/#organization\",\"name\":\"Biosinsa\",\"url\":\"https:\/\/biosinsa.com\/\",\"logo\":{\"@type\":\"ImageObject\",\"inLanguage\":\"en-US\",\"@id\":\"https:\/\/biosinsa.com\/#\/schema\/logo\/image\/\",\"url\":\"https:\/\/biosinsa.com\/wp-content\/uploads\/2021\/10\/logo-biosinsa.png\",\"contentUrl\":\"https:\/\/biosinsa.com\/wp-content\/uploads\/2021\/10\/logo-biosinsa.png\",\"width\":444,\"height\":113,\"caption\":\"Biosinsa\"},\"image\":{\"@id\":\"https:\/\/biosinsa.com\/#\/schema\/logo\/image\/\"}}]}<\/script>\n<!-- \/ Yoast SEO plugin. -->","yoast_head_json":{"title":"Blog - Biosinsa","robots":{"index":"index","follow":"follow","max-snippet":"max-snippet:-1","max-image-preview":"max-image-preview:large","max-video-preview":"max-video-preview:-1"},"canonical":"https:\/\/biosinsa.com\/en\/blog\/","og_locale":"en_US","og_type":"article","og_title":"Blog - Biosinsa","og_description":"Blog febrero 18, 2022 Do you like it?0 0 Leer m\u00e1s Art\u00edculo prueba Art\u00edculo prueba Lorem ipsum dolor sit amet, consectetur adipiscing elit. Ut elit tellus, [\u2026]","og_url":"https:\/\/biosinsa.com\/en\/blog\/","og_site_name":"Biosinsa","article_modified_time":"2022-02-18T23:13:00+00:00","og_image":[{"url":"http:\/\/biosinsa.com\/wp-content\/uploads\/2022\/02\/WhatsApp-Image-2022-02-15-at-13.14.56-1200x675.jpeg"}],"twitter_card":"summary_large_image","schema":{"@context":"https:\/\/schema.org","@graph":[{"@type":"WebPage","@id":"https:\/\/biosinsa.com\/blog\/","url":"https:\/\/biosinsa.com\/blog\/","name":"Blog - Biosinsa","isPartOf":{"@id":"https:\/\/biosinsa.com\/#website"},"datePublished":"2022-02-08T19:40:36+00:00","dateModified":"2022-02-18T23:13:00+00:00","breadcrumb":{"@id":"https:\/\/biosinsa.com\/blog\/#breadcrumb"},"inLanguage":"en-US","potentialAction":[{"@type":"ReadAction","target":["https:\/\/biosinsa.com\/blog\/"]}]},{"@type":"BreadcrumbList","@id":"https:\/\/biosinsa.com\/blog\/#breadcrumb","itemListElement":[{"@type":"ListItem","position":1,"name":"Inicio","item":"https:\/\/biosinsa.com\/"},{"@type":"ListItem","position":2,"name":"Blog"}]},{"@type":"WebSite","@id":"https:\/\/biosinsa.com\/#website","url":"https:\/\/biosinsa.com\/","name":"Biosinsa","description":"Gestion integral de plagas","publisher":{"@id":"https:\/\/biosinsa.com\/#organization"},"potentialAction":[{"@type":"SearchAction","target":{"@type":"EntryPoint","urlTemplate":"https:\/\/biosinsa.com\/?s={search_term_string}"},"query-input":"required name=search_term_string"}],"inLanguage":"en-US"},{"@type":"Organization","@id":"https:\/\/biosinsa.com\/#organization","name":"Biosinsa","url":"https:\/\/biosinsa.com\/","logo":{"@type":"ImageObject","inLanguage":"en-US","@id":"https:\/\/biosinsa.com\/#\/schema\/logo\/image\/","url":"https:\/\/biosinsa.com\/wp-content\/uploads\/2021\/10\/logo-biosinsa.png","contentUrl":"https:\/\/biosinsa.com\/wp-content\/uploads\/2021\/10\/logo-biosinsa.png","width":444,"height":113,"caption":"Biosinsa"},"image":{"@id":"https:\/\/biosinsa.com\/#\/schema\/logo\/image\/"}}]}},"_links":{"self":[{"href":"https:\/\/biosinsa.com\/en\/wp-json\/wp\/v2\/pages\/2197"}],"collection":[{"href":"https:\/\/biosinsa.com\/en\/wp-json\/wp\/v2\/pages"}],"about":[{"href":"https:\/\/biosinsa.com\/en\/wp-json\/wp\/v2\/types\/page"}],"author":[{"embeddable":true,"href":"https:\/\/biosinsa.com\/en\/wp-json\/wp\/v2\/users\/1"}],"replies":[{"embeddable":true,"href":"https:\/\/biosinsa.com\/en\/wp-json\/wp\/v2\/comments?post=2197"}],"version-history":[{"count":74,"href":"https:\/\/biosinsa.com\/en\/wp-json\/wp\/v2\/pages\/2197\/revisions"}],"predecessor-version":[{"id":2860,"href":"https:\/\/biosinsa.com\/en\/wp-json\/wp\/v2\/pages\/2197\/revisions\/2860"}],"wp:attachment":[{"href":"https:\/\/biosinsa.com\/en\/wp-json\/wp\/v2\/media?parent=2197"}],"curies":[{"name":"wp","href":"https:\/\/api.w.org\/{rel}","templated":true}]}}